{"id":166,"date":"2022-11-19T12:59:09","date_gmt":"2022-11-19T11:59:09","guid":{"rendered":"https:\/\/satif-bf.com\/?post_type=product&#038;p=166"},"modified":"2022-11-19T13:01:48","modified_gmt":"2022-11-19T12:01:48","slug":"fer-a-beton-diametre-normalise-6-8-10-12-14-etc","status":"publish","type":"product","link":"https:\/\/satif-bf.com\/index.php\/produit\/fer-a-beton-diametre-normalise-6-8-10-12-14-etc\/","title":{"rendered":"Fer \u00e0 b\u00e9ton diam\u00e8tre normalis\u00e9 6. 8. 10. 12. 14 etc"},"content":{"rendered":"","protected":false},"excerpt":{"rendered":"","protected":false},"featured_media":149,"comment_status":"open","ping_status":"closed","template":"","meta":[],"product_brand":[],"product_cat":[28],"product_tag":[],"class_list":{"0":"post-166","1":"product","2":"type-product","3":"status-publish","4":"has-post-thumbnail","6":"product_cat-materiaux-de-construction","8":"first","9":"instock","10":"shipping-taxable","11":"purchasable","12":"product-type-simple"},"jetpack_sharing_enabled":true,"_links":{"self":[{"href":"https:\/\/satif-bf.com\/index.php\/wp-json\/wp\/v2\/product\/166","targetHints":{"allow":["GET"]}}],"collection":[{"href":"https:\/\/satif-bf.com\/index.php\/wp-json\/wp\/v2\/product"}],"about":[{"href":"https:\/\/satif-bf.com\/index.php\/wp-json\/wp\/v2\/types\/product"}],"replies":[{"embeddable":true,"href":"https:\/\/satif-bf.com\/index.php\/wp-json\/wp\/v2\/comments?post=166"}],"wp:featuredmedia":[{"embeddable":true,"href":"https:\/\/satif-bf.com\/index.php\/wp-json\/wp\/v2\/media\/149"}],"wp:attachment":[{"href":"https:\/\/satif-bf.com\/index.php\/wp-json\/wp\/v2\/media?parent=166"}],"wp:term":[{"taxonomy":"product_brand","embeddable":true,"href":"https:\/\/satif-bf.com\/index.php\/wp-json\/wp\/v2\/product_brand?post=166"},{"taxonomy":"product_cat","embeddable":true,"href":"https:\/\/satif-bf.com\/index.php\/wp-json\/wp\/v2\/product_cat?post=166"},{"taxonomy":"product_tag","embeddable":true,"href":"https:\/\/satif-bf.com\/index.php\/wp-json\/wp\/v2\/product_tag?post=166"}],"curies":[{"name":"wp","href":"https:\/\/api.w.org\/{rel}","templated":true}]}}